{"id":971,"date":"2021-05-02T21:49:02","date_gmt":"2021-05-02T19:49:02","guid":{"rendered":"http:\/\/ldrh.fr\/?page_id=971"},"modified":"2024-04-26T12:16:16","modified_gmt":"2024-04-26T10:16:16","slug":"drh-a-temps-partage","status":"publish","type":"page","link":"https:\/\/ldrh.fr\/index.php\/accueil\/drh-a-temps-partage\/","title":{"rendered":"DRH \u00e0 temps partag\u00e9"},"content":{"rendered":"\n<blockquote class=\"wp-block-quote is-layout-flow wp-block-quote-is-layout-flow\">\n<p class=\"wp-block-paragraph\"><mark style=\"background-color:rgba(0, 0, 0, 0);color:#af6c57\" class=\"has-inline-color\">Dirigeant, vous g\u00e9rez vous-m\u00eame les RH de votre entreprise ?<\/mark><\/p>\n\n\n\n<p class=\"wp-block-paragraph\"><mark style=\"background-color:rgba(0, 0, 0, 0);color:#af6c57\" class=\"has-inline-color\">Votre Responsable RH est indisponible ?<\/mark><\/p>\n\n\n\n<p class=\"wp-block-paragraph\"><mark style=\"background-color:rgba(0, 0, 0, 0);color:#af6c57\" class=\"has-inline-color\">Vous souhaitez confier vos RH \u00e0 un sp\u00e9cialiste plut\u00f4t qu&rsquo;\u00e0 votre comptable ?<\/mark><\/p>\n<\/blockquote>\n\n\n\n<p class=\"wp-block-paragraph\">LD.RH vous propose  :<\/p>\n\n\n\n<ul class=\"wp-block-list\">\n<li>Mise en conformit\u00e9 de vos obligations RH<\/li>\n\n\n\n<li>R\u00e9daction des contrats de travail, documents, formulaires<\/li>\n\n\n\n<li>Gestion des salari\u00e9s : embauche, formation, disciplinaire, sorties<\/li>\n\n\n\n<li>DUERP, organisation des \u00e9lections du CSE, &#8230;<\/li>\n<\/ul>\n\n\n\n<p class=\"wp-block-paragraph\">LD.RH c&rsquo;est aussi :<\/p>\n\n\n\n<ul class=\"wp-block-list\">\n<li>La r\u00e9organisation strat\u00e9gique de votre entreprise, sur base d&rsquo;une GEPP &#8211; Gestion des Emplois et Parcours Professionnels<\/li>\n\n\n\n<li>Une \u00e9valuation de votre politique des ressources humaines<\/li>\n\n\n\n<li>Une vision adapt\u00e9e de votre Plan de D\u00e9veloppement des Comp\u00e9tences<\/li>\n\n\n\n<li>Un travail collaboratif sur votre Marque Employeur<\/li>\n<\/ul>\n\n\n\n<blockquote class=\"wp-block-quote is-layout-flow wp-block-quote-is-layout-flow\">\n<p class=\"wp-block-paragraph\"><mark style=\"background-color:rgba(0, 0, 0, 0);color:#af6c57\" class=\"has-inline-color\">Un accompagnement sur-mesure : une collaboration sur le long terme ou des missions ponctuelles selon vos besoins, en toute confidentialit\u00e9<\/mark> <\/p>\n\n\n\n<p class=\"wp-block-paragraph\"><\/p>\n\n\n\n<p class=\"wp-block-paragraph\"><\/p>\n<\/blockquote>\n","protected":false},"excerpt":{"rendered":"<p>Dirigeant, vous g\u00e9rez vous-m\u00eame les RH de votre entreprise ? Votre Responsable RH est indisponible ? Vous souhaitez confier vos RH \u00e0 un sp\u00e9cialiste plut\u00f4t qu&rsquo;\u00e0 votre comptable ? LD.RH vous propose : LD.RH c&rsquo;est aussi : Un accompagnement sur-mesure : une collaboration sur le long terme ou des missions ponctuelles selon vos besoins, en &hellip; <\/p>\n<p class=\"link-more\"><a href=\"https:\/\/ldrh.fr\/index.php\/accueil\/drh-a-temps-partage\/\" class=\"more-link\">Continuer la lecture<span class=\"screen-reader-text\"> de &laquo;&nbsp;DRH \u00e0 temps partag\u00e9&nbsp;&raquo;<\/span><\/a><\/p>\n","protected":false},"author":1,"featured_media":245,"parent":7,"menu_order":0,"comment_status":"closed","ping_status":"closed","template":"","meta":{"_crdt_document":"","footnotes":""},"class_list":["post-971","page","type-page","status-publish","has-post-thumbnail","hentry"],"_links":{"self":[{"href":"https:\/\/ldrh.fr\/index.php\/wp-json\/wp\/v2\/pages\/971","targetHints":{"allow":["GET"]}}],"collection":[{"href":"https:\/\/ldrh.fr\/index.php\/wp-json\/wp\/v2\/pages"}],"about":[{"href":"https:\/\/ldrh.fr\/index.php\/wp-json\/wp\/v2\/types\/page"}],"author":[{"embeddable":true,"href":"https:\/\/ldrh.fr\/index.php\/wp-json\/wp\/v2\/users\/1"}],"replies":[{"embeddable":true,"href":"https:\/\/ldrh.fr\/index.php\/wp-json\/wp\/v2\/comments?post=971"}],"version-history":[{"count":11,"href":"https:\/\/ldrh.fr\/index.php\/wp-json\/wp\/v2\/pages\/971\/revisions"}],"predecessor-version":[{"id":1123,"href":"https:\/\/ldrh.fr\/index.php\/wp-json\/wp\/v2\/pages\/971\/revisions\/1123"}],"up":[{"embeddable":true,"href":"https:\/\/ldrh.fr\/index.php\/wp-json\/wp\/v2\/pages\/7"}],"wp:featuredmedia":[{"embeddable":true,"href":"https:\/\/ldrh.fr\/index.php\/wp-json\/wp\/v2\/media\/245"}],"wp:attachment":[{"href":"https:\/\/ldrh.fr\/index.php\/wp-json\/wp\/v2\/media?parent=971"}],"curies":[{"name":"wp","href":"https:\/\/api.w.org\/{rel}","templated":true}]}}