{"id":7,"date":"2017-11-03T21:34:48","date_gmt":"2017-11-03T20:34:48","guid":{"rendered":"http:\/\/ldrh.fr\/?page_id=7"},"modified":"2023-03-06T18:52:41","modified_gmt":"2023-03-06T17:52:41","slug":"accueil","status":"publish","type":"page","link":"https:\/\/ldrh.fr\/","title":{"rendered":"LD.RH Conseil"},"content":{"rendered":"\n<h2 class=\"wp-block-heading has-text-color\" style=\"color:#af6c57\"><strong>LD.RH CONSEIL, Laurence Derache &#8211; Experte ind\u00e9pendante en Ressources et Relations Humaines depuis plus de 15 ans<\/strong><\/h2>\n\n\n\n<h2 class=\"wp-block-heading\">Vous \u00eates une PME \/ PMI, TPE, startup, de tous secteurs d&rsquo;activit\u00e9s : industrie, services, BTP, commerce, agriculture&#8230;<\/h2>\n\n\n\n<h2 class=\"wp-block-heading\">Je suis experte des Ressources Humaines et je vous accompagne.<\/h2>\n\n\n\n<h2 class=\"wp-block-heading\">Mes domaines de comp\u00e9tences sont multiples et polyvalents : <\/h2>\n\n\n\n<h3 class=\"wp-block-heading has-text-align-left\"><strong>&gt;<\/strong> <strong>Ma\u00eetrise du Management des Ressources Humaines et de la Paie en entreprises<\/strong><\/h3>\n\n\n\n<h3 class=\"wp-block-heading\"><strong>><\/strong> <strong>Expertise des Ressources Humaines  en cabinets sp\u00e9cialis\u00e9s en recrutement, d\u00e9veloppement, restructuration, accompagnement emploi, insertion, gestion de carri\u00e8re, formation<\/strong><\/h3>\n\n\n\n<p class=\"wp-block-paragraph\"><\/p>\n\n\n\n<h2 class=\"wp-block-heading\"><mark style=\"background-color:rgba(0, 0, 0, 0)\" class=\"has-inline-color has-vivid-red-color\">Valeurs humaines et pragmatisme sont gages de s\u00e9rieux et d&rsquo;efficacit\u00e9.<\/mark><\/h2>\n\n\n\n<h2 class=\"wp-block-heading\"><strong>D\u00e9couvrez nos activit\u00e9s<\/strong><\/h2>\n\n\n\n<ul class=\"wp-block-list\">\n<li><a href=\"https:\/\/ldrh.fr\/index.php\/accueil\/drh-a-temps-partage\/\"><strong>DRH \u00e0 temps partag\u00e9<\/strong><\/a><\/li>\n\n\n\n<li><a href=\"https:\/\/ldrh.fr\/index.php\/offres-demploi-en-cours\/\"><strong>Recrutement de A \u00e0 Z<\/strong><\/a><\/li>\n<\/ul>\n\n\n\n<p class=\"wp-block-paragraph\"><\/p>\n","protected":false},"excerpt":{"rendered":"<p>LD.RH CONSEIL, Laurence Derache &#8211; Experte ind\u00e9pendante en Ressources et Relations Humaines depuis plus de 15 ans Vous \u00eates une PME \/ PMI, TPE, startup, de tous secteurs d&rsquo;activit\u00e9s : industrie, services, BTP, commerce, agriculture&#8230; Je suis experte des Ressources Humaines et je vous accompagne. Mes domaines de comp\u00e9tences sont multiples et polyvalents : &gt; &hellip; <\/p>\n<p class=\"link-more\"><a href=\"https:\/\/ldrh.fr\/\" class=\"more-link\">Continuer la lecture<span class=\"screen-reader-text\"> de &laquo;&nbsp;LD.RH Conseil&nbsp;&raquo;<\/span><\/a><\/p>\n","protected":false},"author":1,"featured_media":0,"parent":0,"menu_order":0,"comment_status":"closed","ping_status":"closed","template":"","meta":{"_crdt_document":"","footnotes":""},"class_list":["post-7","page","type-page","status-publish","hentry"],"_links":{"self":[{"href":"https:\/\/ldrh.fr\/index.php\/wp-json\/wp\/v2\/pages\/7","targetHints":{"allow":["GET"]}}],"collection":[{"href":"https:\/\/ldrh.fr\/index.php\/wp-json\/wp\/v2\/pages"}],"about":[{"href":"https:\/\/ldrh.fr\/index.php\/wp-json\/wp\/v2\/types\/page"}],"author":[{"embeddable":true,"href":"https:\/\/ldrh.fr\/index.php\/wp-json\/wp\/v2\/users\/1"}],"replies":[{"embeddable":true,"href":"https:\/\/ldrh.fr\/index.php\/wp-json\/wp\/v2\/comments?post=7"}],"version-history":[{"count":60,"href":"https:\/\/ldrh.fr\/index.php\/wp-json\/wp\/v2\/pages\/7\/revisions"}],"predecessor-version":[{"id":1105,"href":"https:\/\/ldrh.fr\/index.php\/wp-json\/wp\/v2\/pages\/7\/revisions\/1105"}],"wp:attachment":[{"href":"https:\/\/ldrh.fr\/index.php\/wp-json\/wp\/v2\/media?parent=7"}],"curies":[{"name":"wp","href":"https:\/\/api.w.org\/{rel}","templated":true}]}}